{"id":1858,"date":"2023-10-23T17:53:50","date_gmt":"2023-10-23T17:53:50","guid":{"rendered":"https:\/\/valtherm.ca\/water-heaters\/"},"modified":"2023-11-11T19:06:24","modified_gmt":"2023-11-11T19:06:24","slug":"water-heaters","status":"publish","type":"page","link":"https:\/\/valtherm.ca\/en\/water-heaters\/","title":{"rendered":"Water heaters"},"content":{"rendered":"\t\t<div data-elementor-type=\"wp-page\" data-elementor-id=\"1858\" class=\"elementor elementor-1858 elementor-59\" data-elementor-post-type=\"page\">\n\t\t\t\t\t\t<section class=\"elementor-section elementor-top-section elementor-element elementor-element-68110dc elementor-section-boxed elementor-section-height-default elementor-section-height-default\" data-id=\"68110dc\" data-element_type=\"section\" data-e-type=\"section\" data-settings=\"{&quot;background_background&quot;:&quot;gradient&quot;,&quot;shape_divider_bottom&quot;:&quot;wave-brush&quot;}\">\n\t\t\t\t\t<div class=\"elementor-shape elementor-shape-bottom\" aria-hidden=\"true\" data-negative=\"false\">\n\t\t\t<svg xmlns=\"http:\/\/www.w3.org\/2000\/svg\" viewBox=\"0 0 283.5 27.8\" preserveAspectRatio=\"none\">\n\t<path class=\"elementor-shape-fill\" d=\"M283.5,9.7c0,0-7.3,4.3-14,4.6c-6.8,0.3-12.6,0-20.9-1.5c-11.3-2-33.1-10.1-44.7-5.7\ts-12.1,4.6-18,7.4c-6.6,3.2-20,9.6-36.6,9.3C131.6,23.5,99.5,7.2,86.3,8c-1.4,0.1-6.6,0.8-10.5,2c-3.8,1.2-9.4,3.8-17,4.7\tc-3.2,0.4-8.3,1.1-14.2,0.9c-1.5-0.1-6.3-0.4-12-1.6c-5.7-1.2-11-3.1-15.8-3.7C6.5,9.2,0,10.8,0,10.8V0h283.5V9.7z M260.8,11.3\tc-0.7-1-2-0.4-4.3-0.4c-2.3,0-6.1-1.2-5.8-1.1c0.3,0.1,3.1,1.5,6,1.9C259.7,12.2,261.4,12.3,260.8,11.3z M242.4,8.6\tc0,0-2.4-0.2-5.6-0.9c-3.2-0.8-10.3-2.8-15.1-3.5c-8.2-1.1-15.8,0-15.1,0.1c0.8,0.1,9.6-0.6,17.6,1.1c3.3,0.7,9.3,2.2,12.4,2.7\tC239.9,8.7,242.4,8.6,242.4,8.6z M185.2,8.5c1.7-0.7-13.3,4.7-18.5,6.1c-2.1,0.6-6.2,1.6-10,2c-3.9,0.4-8.9,0.4-8.8,0.5\tc0,0.2,5.8,0.8,11.2,0c5.4-0.8,5.2-1.1,7.6-1.6C170.5,14.7,183.5,9.2,185.2,8.5z M199.1,6.9c0.2,0-0.8-0.4-4.8,1.1\tc-4,1.5-6.7,3.5-6.9,3.7c-0.2,0.1,3.5-1.8,6.6-3C197,7.5,199,6.9,199.1,6.9z M283,6c-0.1,0.1-1.9,1.1-4.8,2.5s-6.9,2.8-6.7,2.7\tc0.2,0,3.5-0.6,7.4-2.5C282.8,6.8,283.1,5.9,283,6z M31.3,11.6c0.1-0.2-1.9-0.2-4.5-1.2s-5.4-1.6-7.8-2C15,7.6,7.3,8.5,7.7,8.6\tC8,8.7,15.9,8.3,20.2,9.3c2.2,0.5,2.4,0.5,5.7,1.6S31.2,11.9,31.3,11.6z M73,9.2c0.4-0.1,3.5-1.6,8.4-2.6c4.9-1.1,8.9-0.5,8.9-0.8\tc0-0.3-1-0.9-6.2-0.3S72.6,9.3,73,9.2z M71.6,6.7C71.8,6.8,75,5.4,77.3,5c2.3-0.3,1.9-0.5,1.9-0.6c0-0.1-1.1-0.2-2.7,0.2\tC74.8,5.1,71.4,6.6,71.6,6.7z M93.6,4.4c0.1,0.2,3.5,0.8,5.6,1.8c2.1,1,1.8,0.6,1.9,0.5c0.1-0.1-0.8-0.8-2.4-1.3\tC97.1,4.8,93.5,4.2,93.6,4.4z M65.4,11.1c-0.1,0.3,0.3,0.5,1.9-0.2s2.6-1.3,2.2-1.2s-0.9,0.4-2.5,0.8C65.3,10.9,65.5,10.8,65.4,11.1\tz M34.5,12.4c-0.2,0,2.1,0.8,3.3,0.9c1.2,0.1,2,0.1,2-0.2c0-0.3-0.1-0.5-1.6-0.4C36.6,12.8,34.7,12.4,34.5,12.4z M152.2,21.1\tc-0.1,0.1-2.4-0.3-7.5-0.3c-5,0-13.6-2.4-17.2-3.5c-3.6-1.1,10,3.9,16.5,4.1C150.5,21.6,152.3,21,152.2,21.1z\"\/>\n\t<path class=\"elementor-shape-fill\" d=\"M269.6,18c-0.1-0.1-4.6,0.3-7.2,0c-7.3-0.7-17-3.2-16.6-2.9c0.4,0.3,13.7,3.1,17,3.3\tC267.7,18.8,269.7,18,269.6,18z\"\/>\n\t<path class=\"elementor-shape-fill\" d=\"M227.4,9.8c-0.2-0.1-4.5-1-9.5-1.2c-5-0.2-12.7,0.6-12.3,0.5c0.3-0.1,5.9-1.8,13.3-1.2\tS227.6,9.9,227.4,9.8z\"\/>\n\t<path class=\"elementor-shape-fill\" d=\"M204.5,13.4c-0.1-0.1,2-1,3.2-1.1c1.2-0.1,2,0,2,0.3c0,0.3-0.1,0.5-1.6,0.4\tC206.4,12.9,204.6,13.5,204.5,13.4z\"\/>\n\t<path class=\"elementor-shape-fill\" d=\"M201,10.6c0-0.1-4.4,1.2-6.3,2.2c-1.9,0.9-6.2,3.1-6.1,3.1c0.1,0.1,4.2-1.6,6.3-2.6\tS201,10.7,201,10.6z\"\/>\n\t<path class=\"elementor-shape-fill\" d=\"M154.5,26.7c-0.1-0.1-4.6,0.3-7.2,0c-7.3-0.7-17-3.2-16.6-2.9c0.4,0.3,13.7,3.1,17,3.3\tC152.6,27.5,154.6,26.8,154.5,26.7z\"\/>\n\t<path class=\"elementor-shape-fill\" d=\"M41.9,19.3c0,0,1.2-0.3,2.9-0.1c1.7,0.2,5.8,0.9,8.2,0.7c4.2-0.4,7.4-2.7,7-2.6\tc-0.4,0-4.3,2.2-8.6,1.9c-1.8-0.1-5.1-0.5-6.7-0.4S41.9,19.3,41.9,19.3z\"\/>\n\t<path class=\"elementor-shape-fill\" d=\"M75.5,12.6c0.2,0.1,2-0.8,4.3-1.1c2.3-0.2,2.1-0.3,2.1-0.5c0-0.1-1.8-0.4-3.4,0\tC76.9,11.5,75.3,12.5,75.5,12.6z\"\/>\n\t<path class=\"elementor-shape-fill\" d=\"M15.6,13.2c0-0.1,4.3,0,6.7,0.5c2.4,0.5,5,1.9,5,2c0,0.1-2.7-0.8-5.1-1.4\tC19.9,13.7,15.7,13.3,15.6,13.2z\"\/>\n<\/svg>\t\t<\/div>\n\t\t\t\t\t<div class=\"elementor-container elementor-column-gap-default\">\n\t\t\t\t\t<div class=\"elementor-column elementor-col-100 elementor-top-column elementor-element elementor-element-1f6644b\" data-id=\"1f6644b\" data-element_type=\"column\" data-e-type=\"column\">\n\t\t\t<div class=\"elementor-widget-wrap elementor-element-populated\">\n\t\t\t\t\t\t<div class=\"elementor-element elementor-element-162390c elementor-widget elementor-widget-heading\" data-id=\"162390c\" data-element_type=\"widget\" data-e-type=\"widget\" data-settings=\"{&quot;ekit_we_effect_on&quot;:&quot;none&quot;}\" data-widget_type=\"heading.default\">\n\t\t\t\t<div class=\"elementor-widget-container\">\n\t\t\t\t\t<h1 class=\"elementor-heading-title elementor-size-default\">Water heaters<\/h1>\t\t\t\t<\/div>\n\t\t\t\t<\/div>\n\t\t\t\t<div class=\"elementor-element elementor-element-f1891df elementor-widget-divider--view-line elementor-widget elementor-widget-divider\" data-id=\"f1891df\" data-element_type=\"widget\" data-e-type=\"widget\" data-settings=\"{&quot;ekit_we_effect_on&quot;:&quot;none&quot;}\" data-widget_type=\"divider.default\">\n\t\t\t\t<div class=\"elementor-widget-container\">\n\t\t\t\t\t\t\t<div class=\"elementor-divider\">\n\t\t\t<span class=\"elementor-divider-separator\">\n\t\t\t\t\t\t<\/span>\n\t\t<\/div>\n\t\t\t\t\t\t<\/div>\n\t\t\t\t<\/div>\n\t\t\t\t<div class=\"elementor-element elementor-element-87de84c elementor-widget-divider--view-line elementor-widget elementor-widget-divider\" data-id=\"87de84c\" data-element_type=\"widget\" data-e-type=\"widget\" data-settings=\"{&quot;ekit_we_effect_on&quot;:&quot;none&quot;}\" data-widget_type=\"divider.default\">\n\t\t\t\t<div class=\"elementor-widget-container\">\n\t\t\t\t\t\t\t<div class=\"elementor-divider\">\n\t\t\t<span class=\"elementor-divider-separator\">\n\t\t\t\t\t\t<\/span>\n\t\t<\/div>\n\t\t\t\t\t\t<\/div>\n\t\t\t\t<\/div>\n\t\t\t\t<div class=\"elementor-element elementor-element-d63f8b4 elementor-widget elementor-widget-woocommerce-breadcrumb\" data-id=\"d63f8b4\" data-element_type=\"widget\" data-e-type=\"widget\" data-settings=\"{&quot;ekit_we_effect_on&quot;:&quot;none&quot;}\" data-widget_type=\"woocommerce-breadcrumb.default\">\n\t\t\t\t<div class=\"elementor-widget-container\">\n\t\t\t\t\t<nav class=\"woocommerce-breadcrumb\" aria-label=\"Breadcrumb\">Home<\/nav>\t\t\t\t<\/div>\n\t\t\t\t<\/div>\n\t\t\t\t\t<\/div>\n\t\t<\/div>\n\t\t\t\t\t<\/div>\n\t\t<\/section>\n\t\t\t\t<section class=\"elementor-section elementor-top-section elementor-element elementor-element-730c073 elementor-section-boxed elementor-section-height-default elementor-section-height-default\" data-id=\"730c073\" data-element_type=\"section\" data-e-type=\"section\" data-settings=\"{&quot;background_background&quot;:&quot;classic&quot;}\">\n\t\t\t\t\t\t<div class=\"elementor-container elementor-column-gap-default\">\n\t\t\t\t\t<div class=\"elementor-column elementor-col-100 elementor-top-column elementor-element elementor-element-371b031\" data-id=\"371b031\" data-element_type=\"column\" data-e-type=\"column\" data-settings=\"{&quot;background_background&quot;:&quot;classic&quot;}\">\n\t\t\t<div class=\"elementor-widget-wrap elementor-element-populated\">\n\t\t\t\t\t\t<div class=\"elementor-element elementor-element-bf8255f premium-woo-title-above-yes premium-woo-product-align-center premium-qv-hidden-yes elementor-widget elementor-widget-premium-woo-products\" data-id=\"bf8255f\" data-element_type=\"widget\" data-e-type=\"widget\" data-settings=\"{&quot;ekit_we_effect_on&quot;:&quot;none&quot;}\" data-widget_type=\"premium-woo-products.grid-1\">\n\t\t\t\t<div class=\"elementor-widget-container\">\n\t\t\t\t\t<div class=\"premium-woocommerce premium-woo-products-grid premium-woo-skin-grid-1 premium-woo-query-custom\" data-page-id=\"1858\" data-skin=\"grid_1\" data-quick-view=\"\"><div class=\"premium-woo-products-inner premium-woo-product__hover-swap\"><ul class=\"products columns-3\">\n\r\n<li class=\" post-1904 product first instock taxable shipping-taxable product-type-variable\">\r\n\t<div class=\"premium-woo-product-wrapper premium-con-lq__none\">\r\n\t\t<div class=\"premium-woo-product-thumbnail\"><a href=\"https:\/\/valtherm.ca\/en\/produit\/model-b-digital\/\" class=\"woocommerce-LoopProduct-link woocommerce-loop-product__link\"><img decoding=\"async\" src=\"https:\/\/valtherm.ca\/wp-content\/uploads\/2023\/10\/modele-BL38084.jpg\" alt=\"\"><img fetchpriority=\"high\" decoding=\"async\" width=\"1200\" height=\"797\" src=\"https:\/\/valtherm.ca\/wp-content\/uploads\/2023\/10\/modele-BL38076.jpg\" class=\"premium-woo-product__on_hover\" alt=\"\" \/><\/a><\/div><div class=\"premium-woo-products-details-wrap\"><a href=\"https:\/\/valtherm.ca\/en\/produit\/model-b-digital\/\" class=\"premium-woo-product__link\"><h2 class=\"woocommerce-loop-product__title\">Model B Digital<\/h2><\/a><div class=\"premium-woo-product-desc\">From 6 KW to 72 KW at rating from 208 volts, 240 volts or 600 volts.\r\n\r\nRobustly built, its PVC inner tank insures a long life expectancy. Its adjustable and controllable thermostat allows it to keep a constant water temperature.\r\n\r\nEasy to install, minimum maintenance and no noise operation are the key features. This model requires to be installed indoors.\r\n\r\n<span class=\"price\">On demand<\/span><\/div><div class=\"premium-woo-atc-button\" data-variations=&quot;true&quot;><a href=\"https:\/\/valtherm.ca\/en\/produit\/model-b-digital\/\" aria-describedby=\"woocommerce_loop_add_to_cart_link_describedby_1904\" data-quantity=\"1\" class=\"button product_type_variable\" data-product_id=\"1904\" data-product_sku=\"\" aria-label=\"Select options for &ldquo;Model B Digital&rdquo;\" rel=\"nofollow\">Read more<\/a>\t<span id=\"woocommerce_loop_add_to_cart_link_describedby_1904\" class=\"screen-reader-text\">\n\t\t\t<\/span>\n<\/div><\/div>\t<\/div>\r\n<\/li>\r\n\r\n<li class=\" post-1916 product  instock taxable shipping-taxable purchasable product-type-variable\">\r\n\t<div class=\"premium-woo-product-wrapper premium-con-lq__none\">\r\n\t\t<div class=\"premium-woo-product-thumbnail\"><a href=\"https:\/\/valtherm.ca\/en\/produit\/modele-c-digital\/\" class=\"woocommerce-LoopProduct-link woocommerce-loop-product__link\"><img decoding=\"async\" src=\"https:\/\/valtherm.ca\/wp-content\/uploads\/2023\/11\/Modele-C-3-2.jpg\" alt=\"\"><img decoding=\"async\" width=\"1200\" height=\"797\" src=\"https:\/\/valtherm.ca\/wp-content\/uploads\/2023\/11\/Modele-C-1-2.jpg\" class=\"premium-woo-product__on_hover\" alt=\"\" \/><\/a><\/div><div class=\"premium-woo-products-details-wrap\"><a href=\"https:\/\/valtherm.ca\/en\/produit\/modele-c-digital\/\" class=\"premium-woo-product__link\"><h2 class=\"woocommerce-loop-product__title\">Model C Digital<\/h2><\/a><div class=\"premium-woo-product-desc\">Electrical water heater with a tubular PVC tank for small inground or above ground pools.\r\n\r\nWith a capacity of 5 KW, 10 KW or 15 KW at 240 volts.\r\n\r\nQuiet, odourless and easy to install. It will provide quick heating with a very high performance.\r\n\r\nDesigned for indoor or outdoor installation with a rainproof casing.\r\n\r\n<span class=\"price\">From <span class=\"woocommerce-Price-amount amount\">725.00 <span class=\"woocommerce-Price-currencySymbol\">$<\/span><\/span><\/span><\/div><div class=\"premium-woo-atc-button\" data-variations=&quot;true&quot;><a href=\"https:\/\/valtherm.ca\/en\/produit\/modele-c-digital\/\" aria-describedby=\"woocommerce_loop_add_to_cart_link_describedby_1916\" data-quantity=\"1\" class=\"button product_type_variable add_to_cart_button\" data-product_id=\"1916\" data-product_sku=\"\" aria-label=\"Select options for &ldquo;Model C Digital&rdquo;\" rel=\"nofollow\">Select options<\/a>\t<span id=\"woocommerce_loop_add_to_cart_link_describedby_1916\" class=\"screen-reader-text\">\n\t\tThis product has multiple variants. The options may be chosen on the product page\t<\/span>\n<\/div><\/div>\t<\/div>\r\n<\/li>\r\n\r\n<li class=\" post-1946 product last instock taxable shipping-taxable purchasable product-type-variable\">\r\n\t<div class=\"premium-woo-product-wrapper premium-con-lq__none\">\r\n\t\t<div class=\"premium-woo-product-thumbnail\"><a href=\"https:\/\/valtherm.ca\/en\/produit\/model-c-mecanic\/\" class=\"woocommerce-LoopProduct-link woocommerce-loop-product__link\"><img decoding=\"async\" src=\"https:\/\/valtherm.ca\/wp-content\/uploads\/2023\/11\/modele-c-mec-1.jpg\" alt=\"\"><img decoding=\"async\" width=\"1200\" height=\"797\" src=\"https:\/\/valtherm.ca\/wp-content\/uploads\/2023\/11\/modele-c-mec-2.jpg\" class=\"premium-woo-product__on_hover\" alt=\"\" \/><\/a><\/div><div class=\"premium-woo-products-details-wrap\"><a href=\"https:\/\/valtherm.ca\/en\/produit\/model-c-mecanic\/\" class=\"premium-woo-product__link\"><h2 class=\"woocommerce-loop-product__title\">Model C Mecanic<\/h2><\/a><div class=\"premium-woo-product-desc\">Electrical water heater with a tubular PVC tank for small inground or above ground pools.\r\n\r\nWith a capacity of 5 KW, 10 KW or 15 KW at 240 volts.\r\n\r\nQuiet, odourless and easy to install. It will provide quick heating with a very high performance.\r\n\r\nMechanical Thermostat Small inground or above pools 5, 10 or 15 KW at 240 Volts.\r\n\r\n<span class=\"price\">From <span class=\"woocommerce-Price-amount amount\">475.00 <span class=\"woocommerce-Price-currencySymbol\">$<\/span><\/span><\/span><\/div><div class=\"premium-woo-atc-button\" data-variations=&quot;true&quot;><a href=\"https:\/\/valtherm.ca\/en\/produit\/model-c-mecanic\/\" aria-describedby=\"woocommerce_loop_add_to_cart_link_describedby_1946\" data-quantity=\"1\" class=\"button product_type_variable add_to_cart_button\" data-product_id=\"1946\" data-product_sku=\"\" aria-label=\"Select options for &ldquo;Model C Mecanic&rdquo;\" rel=\"nofollow\">Select options<\/a>\t<span id=\"woocommerce_loop_add_to_cart_link_describedby_1946\" class=\"screen-reader-text\">\n\t\tThis product has multiple variants. The options may be chosen on the product page\t<\/span>\n<\/div><\/div>\t<\/div>\r\n<\/li>\r\n<\/ul>\n<\/div><\/div>\t\t\t\t<\/div>\n\t\t\t\t<\/div>\n\t\t\t\t\t<\/div>\n\t\t<\/div>\n\t\t\t\t\t<\/div>\n\t\t<\/section>\n\t\t\t\t<\/div>\n\t\t","protected":false},"excerpt":{"rendered":"<p>Mod\u00e8le B Digital D\u2019une capacit\u00e9 de 6 KW \u00e0 72 KW sur le 208 volts, 240 volts ou 600 volts. De fabrication robuste, son r\u00e9servoir en PVC lui assure une longue dur\u00e9e de vie. Muni d\u2019un thermostat ajustable et contr\u00f4lable qui permet de garder la temp\u00e9rature de l\u2019eau constante. D\u2019entretien minimum, facile \u00e0 installer, silencieux [&hellip;]<\/p>\n","protected":false},"author":1,"featured_media":0,"parent":0,"menu_order":0,"comment_status":"closed","ping_status":"closed","template":"","meta":{"footnotes":""},"class_list":["post-1858","page","type-page","status-publish","hentry"],"_links":{"self":[{"href":"https:\/\/valtherm.ca\/en\/wp-json\/wp\/v2\/pages\/1858","targetHints":{"allow":["GET"]}}],"collection":[{"href":"https:\/\/valtherm.ca\/en\/wp-json\/wp\/v2\/pages"}],"about":[{"href":"https:\/\/valtherm.ca\/en\/wp-json\/wp\/v2\/types\/page"}],"author":[{"embeddable":true,"href":"https:\/\/valtherm.ca\/en\/wp-json\/wp\/v2\/users\/1"}],"replies":[{"embeddable":true,"href":"https:\/\/valtherm.ca\/en\/wp-json\/wp\/v2\/comments?post=1858"}],"version-history":[{"count":1,"href":"https:\/\/valtherm.ca\/en\/wp-json\/wp\/v2\/pages\/1858\/revisions"}],"predecessor-version":[{"id":1859,"href":"https:\/\/valtherm.ca\/en\/wp-json\/wp\/v2\/pages\/1858\/revisions\/1859"}],"wp:attachment":[{"href":"https:\/\/valtherm.ca\/en\/wp-json\/wp\/v2\/media?parent=1858"}],"curies":[{"name":"wp","href":"https:\/\/api.w.org\/{rel}","templated":true}]}}